{"id":192,"date":"2026-04-14T10:23:15","date_gmt":"2026-04-14T14:23:15","guid":{"rendered":"https:\/\/overbrook.ca\/?page_id=192"},"modified":"2026-04-15T11:56:37","modified_gmt":"2026-04-15T15:56:37","slug":"contact-us","status":"publish","type":"page","link":"https:\/\/overbrook.ca\/stage\/contact-us\/","title":{"rendered":"Contact Us"},"content":{"rendered":"\n<p>Drop us a line. The OCA board is run by volunteers from the neighbourhood, and we&#8217;re always happy to connect with fellow residents.<\/p>\n\n\n\n<p>\u00c9crivez-nous. Le conseil de l&#8217;ACO est compos\u00e9 de b\u00e9n\u00e9voles du quartier, et c&#8217;est toujours un plaisir d&#8217;\u00e9changer avec nos voisins.<\/p>\n\n\n","protected":false},"excerpt":{"rendered":"<p>Drop us a line. The OCA board is run by volunteers from the neighbourhood, and we&#8217;re always happy to connect with fellow residents. \u00c9crivez-nous. Le conseil de l&#8217;ACO est compos\u00e9 de b\u00e9n\u00e9voles du quartier, et c&#8217;est toujours un plaisir d&#8217;\u00e9changer avec nos voisins.<\/p>\n","protected":false},"author":1,"featured_media":0,"parent":0,"menu_order":0,"comment_status":"closed","ping_status":"closed","template":"","meta":{"pagelayer_contact_templates":[],"_pagelayer_content":"","footnotes":""},"class_list":["post-192","page","type-page","status-publish","hentry"],"_links":{"self":[{"href":"https:\/\/overbrook.ca\/stage\/wp-json\/wp\/v2\/pages\/192","targetHints":{"allow":["GET"]}}],"collection":[{"href":"https:\/\/overbrook.ca\/stage\/wp-json\/wp\/v2\/pages"}],"about":[{"href":"https:\/\/overbrook.ca\/stage\/wp-json\/wp\/v2\/types\/page"}],"author":[{"embeddable":true,"href":"https:\/\/overbrook.ca\/stage\/wp-json\/wp\/v2\/users\/1"}],"replies":[{"embeddable":true,"href":"https:\/\/overbrook.ca\/stage\/wp-json\/wp\/v2\/comments?post=192"}],"version-history":[{"count":4,"href":"https:\/\/overbrook.ca\/stage\/wp-json\/wp\/v2\/pages\/192\/revisions"}],"predecessor-version":[{"id":207,"href":"https:\/\/overbrook.ca\/stage\/wp-json\/wp\/v2\/pages\/192\/revisions\/207"}],"wp:attachment":[{"href":"https:\/\/overbrook.ca\/stage\/wp-json\/wp\/v2\/media?parent=192"}],"curies":[{"name":"wp","href":"https:\/\/api.w.org\/{rel}","templated":true}]}}